{"id":90,"date":"2014-07-30T11:09:46","date_gmt":"2014-07-30T10:09:46","guid":{"rendered":"http:\/\/www.eduko-ostrava.cz\/?page_id=90"},"modified":"2018-04-25T10:19:20","modified_gmt":"2018-04-25T09:19:20","slug":"fotogalerie","status":"publish","type":"page","link":"https:\/\/www.eduko-ostrava.cz\/?page_id=90","title":{"rendered":"Fotogalerie"},"content":{"rendered":"<p><a href=\"https:\/\/www.google.cz\/maps\/uv?hl=cs&amp;pb=!1s0x4713e3ff6e6849b9:0xa16f2fac5d8dc255!2m22!2m2!1i80!2i80!3m1!2i20!16m16!1b1!2m2!1m1!1e1!2m2!1m1!1e3!2m2!1m1!1e5!2m2!1m1!1e4!2m2!1m1!1e6!3m1!7e115!4shttps:\/\/lh5.googleusercontent.com\/p\/AF1QipNltm8DZ4xevQjfv4cSVe9SE-wBdQadbKLqHcd8%3Dw273-h160-k-no!5seduko+ostrava+-+Hledat+Googlem&amp;imagekey=!1e10!2sAF1QipNltm8DZ4xevQjfv4cSVe9SE-wBdQadbKLqHcd8&amp;sa=X&amp;ved=0ahUKEwj1576fi9XaAhXPQ8AKHTHaDv4QoioIpwEwDg\">Zde<\/a> budeme prezentovat pr\u00e1ce na\u0161ich kucha\u0159\u016f&#8230;<\/p>\n<p>&nbsp;<\/p>\n","protected":false},"excerpt":{"rendered":"<p>Zde budeme prezentovat pr\u00e1ce na\u0161ich kucha\u0159\u016f&#8230; &nbsp;<\/p>\n","protected":false},"author":1,"featured_media":0,"parent":0,"menu_order":5,"comment_status":"closed","ping_status":"open","template":"","meta":{"ngg_post_thumbnail":0,"footnotes":""},"class_list":["post-90","page","type-page","status-publish","hentry"],"_links":{"self":[{"href":"https:\/\/www.eduko-ostrava.cz\/index.php?rest_route=\/wp\/v2\/pages\/90","targetHints":{"allow":["GET"]}}],"collection":[{"href":"https:\/\/www.eduko-ostrava.cz\/index.php?rest_route=\/wp\/v2\/pages"}],"about":[{"href":"https:\/\/www.eduko-ostrava.cz\/index.php?rest_route=\/wp\/v2\/types\/page"}],"author":[{"embeddable":true,"href":"https:\/\/www.eduko-ostrava.cz\/index.php?rest_route=\/wp\/v2\/users\/1"}],"replies":[{"embeddable":true,"href":"https:\/\/www.eduko-ostrava.cz\/index.php?rest_route=%2Fwp%2Fv2%2Fcomments&post=90"}],"version-history":[{"count":3,"href":"https:\/\/www.eduko-ostrava.cz\/index.php?rest_route=\/wp\/v2\/pages\/90\/revisions"}],"predecessor-version":[{"id":720,"href":"https:\/\/www.eduko-ostrava.cz\/index.php?rest_route=\/wp\/v2\/pages\/90\/revisions\/720"}],"wp:attachment":[{"href":"https:\/\/www.eduko-ostrava.cz\/index.php?rest_route=%2Fwp%2Fv2%2Fmedia&parent=90"}],"curies":[{"name":"wp","href":"https:\/\/api.w.org\/{rel}","templated":true}]}}