{"id":9,"date":"2014-02-21T07:59:17","date_gmt":"2014-02-21T06:59:17","guid":{"rendered":"http:\/\/eduko-ostrava.jupiter.savvy.cz\/?page_id=9"},"modified":"2021-11-29T10:52:32","modified_gmt":"2021-11-29T09:52:32","slug":"verejne-stravovani","status":"publish","type":"page","link":"https:\/\/www.eduko-ostrava.cz\/?page_id=9","title":{"rendered":"Ve\u0159ejn\u00e9 stravov\u00e1n\u00ed"},"content":{"rendered":"<h2>Ve\u0159ejn\u00e9 stravov\u00e1n\u00ed &#8211; nab\u00eddka slu\u017eeb<\/h2>\n<p>&#8211; nab\u00edz\u00edme V\u00e1m dovoz a v\u00fddej ob\u011bd\u016f pro V\u00e1s a Va\u0161e zam\u011bstnance- na\u0161e firma va\u0159\u00ed ob\u011bdy ve velkokapacitn\u00ed kuchyni v Ostrav\u011b &#8211; Porub\u011b- u n\u00e1s si m\u00e1te mo\u017enost v\u00fdb\u011bru ze 4 druh\u016f hlavn\u00edch j\u00eddel- p\u0159i v\u011bt\u0161\u00edm odb\u011bru (cca 100 j\u00eddel denn\u011b) ne\u00fa\u010dtujeme v\u00fddej ani dovoz stravy<\/p>\n<p>S nab\u00edzen\u00fdmi slu\u017ebami maj\u00ed na\u0161\u00ed pracovn\u00edci ji\u017e mnohalet\u00e9 zku\u0161enosti a tu nejlep\u0161\u00ed ochutn\u00e1vku provedete, kdy\u017e si ob\u011bd vyzkou\u0161\u00edte p\u0159\u00edmo v na\u0161\u00ed j\u00eddeln\u011b na Skautsk\u00e9 ulici \u010d.416 v Ostrav\u011b &#8211; Porub\u011b.<\/p>\n<p>Pokud V\u00e1s na\u0161e nab\u00eddka zaujala,&nbsp;kontaktujte&nbsp;n\u00e1s abychom mohli osobn\u011b projednat dal\u0161\u00ed podrobnosti.<\/p>\n","protected":false},"excerpt":{"rendered":"<p>Ve\u0159ejn\u00e9 stravov\u00e1n\u00ed &#8211; nab\u00eddka slu\u017eeb &#8211; nab\u00edz\u00edme V\u00e1m dovoz a v\u00fddej ob\u011bd\u016f pro V\u00e1s a Va\u0161e zam\u011bstnance- na\u0161e firma va\u0159\u00ed ob\u011bdy ve velkokapacitn\u00ed kuchyni v Ostrav\u011b &#8211; Porub\u011b- u n\u00e1s si m\u00e1te mo\u017enost v\u00fdb\u011bru ze 4 druh\u016f hlavn\u00edch j\u00eddel- p\u0159i &hellip; <a href=\"https:\/\/www.eduko-ostrava.cz\/?page_id=9\">Cel\u00fd p\u0159\u00edsp\u011bvek <span class=\"meta-nav\">&rarr;<\/span><\/a><\/p>\n","protected":false},"author":1,"featured_media":0,"parent":0,"menu_order":4,"comment_status":"closed","ping_status":"open","template":"","meta":{"ngg_post_thumbnail":0,"footnotes":""},"class_list":["post-9","page","type-page","status-publish","hentry"],"_links":{"self":[{"href":"https:\/\/www.eduko-ostrava.cz\/index.php?rest_route=\/wp\/v2\/pages\/9","targetHints":{"allow":["GET"]}}],"collection":[{"href":"https:\/\/www.eduko-ostrava.cz\/index.php?rest_route=\/wp\/v2\/pages"}],"about":[{"href":"https:\/\/www.eduko-ostrava.cz\/index.php?rest_route=\/wp\/v2\/types\/page"}],"author":[{"embeddable":true,"href":"https:\/\/www.eduko-ostrava.cz\/index.php?rest_route=\/wp\/v2\/users\/1"}],"replies":[{"embeddable":true,"href":"https:\/\/www.eduko-ostrava.cz\/index.php?rest_route=%2Fwp%2Fv2%2Fcomments&post=9"}],"version-history":[{"count":12,"href":"https:\/\/www.eduko-ostrava.cz\/index.php?rest_route=\/wp\/v2\/pages\/9\/revisions"}],"predecessor-version":[{"id":1335,"href":"https:\/\/www.eduko-ostrava.cz\/index.php?rest_route=\/wp\/v2\/pages\/9\/revisions\/1335"}],"wp:attachment":[{"href":"https:\/\/www.eduko-ostrava.cz\/index.php?rest_route=%2Fwp%2Fv2%2Fmedia&parent=9"}],"curies":[{"name":"wp","href":"https:\/\/api.w.org\/{rel}","templated":true}]}}