{"id":735,"date":"2018-05-24T09:13:46","date_gmt":"2018-05-24T08:13:46","guid":{"rendered":"http:\/\/www.eduko-ostrava.cz\/?page_id=735"},"modified":"2018-06-05T07:08:15","modified_gmt":"2018-06-05T06:08:15","slug":"informace-k-uprave-zakona","status":"publish","type":"page","link":"https:\/\/www.eduko-ostrava.cz\/?page_id=735","title":{"rendered":"Informace k \u00faprav\u011b z\u00e1kona"},"content":{"rendered":"<p>V souvislosti s novou pr\u00e1vn\u00ed \u00fapravou platnou od 25.5.2018 o ochran\u011b osobn\u00edch \u00fadaj\u016f \u2013 na\u0159\u00edzen\u00ed Evropsk\u00e9ho parlamentu a Rady \u010d.2016\/679 Obecn\u00e9 na\u0159\u00edzen\u00ed o ochran\u011b osobn\u00edch \u00fadaj\u016f m\u00e1me p\u0159ipraveno <a href=\"http:\/\/www.eduko-ostrava.cz\/wp-content\/img\/info_uprava.pdf\">Informa\u010dn\u00ed sd\u011blen\u00ed<\/a>.<\/p>\n","protected":false},"excerpt":{"rendered":"<p>V souvislosti s novou pr\u00e1vn\u00ed \u00fapravou platnou od 25.5.2018 o ochran\u011b osobn\u00edch \u00fadaj\u016f \u2013 na\u0159\u00edzen\u00ed Evropsk\u00e9ho parlamentu a Rady \u010d.2016\/679 Obecn\u00e9 na\u0159\u00edzen\u00ed o ochran\u011b osobn\u00edch \u00fadaj\u016f m\u00e1me p\u0159ipraveno Informa\u010dn\u00ed sd\u011blen\u00ed.<\/p>\n","protected":false},"author":1,"featured_media":0,"parent":16,"menu_order":0,"comment_status":"closed","ping_status":"closed","template":"","meta":{"ngg_post_thumbnail":0,"footnotes":""},"class_list":["post-735","page","type-page","status-publish","hentry"],"_links":{"self":[{"href":"https:\/\/www.eduko-ostrava.cz\/index.php?rest_route=\/wp\/v2\/pages\/735","targetHints":{"allow":["GET"]}}],"collection":[{"href":"https:\/\/www.eduko-ostrava.cz\/index.php?rest_route=\/wp\/v2\/pages"}],"about":[{"href":"https:\/\/www.eduko-ostrava.cz\/index.php?rest_route=\/wp\/v2\/types\/page"}],"author":[{"embeddable":true,"href":"https:\/\/www.eduko-ostrava.cz\/index.php?rest_route=\/wp\/v2\/users\/1"}],"replies":[{"embeddable":true,"href":"https:\/\/www.eduko-ostrava.cz\/index.php?rest_route=%2Fwp%2Fv2%2Fcomments&post=735"}],"version-history":[{"count":2,"href":"https:\/\/www.eduko-ostrava.cz\/index.php?rest_route=\/wp\/v2\/pages\/735\/revisions"}],"predecessor-version":[{"id":743,"href":"https:\/\/www.eduko-ostrava.cz\/index.php?rest_route=\/wp\/v2\/pages\/735\/revisions\/743"}],"up":[{"embeddable":true,"href":"https:\/\/www.eduko-ostrava.cz\/index.php?rest_route=\/wp\/v2\/pages\/16"}],"wp:attachment":[{"href":"https:\/\/www.eduko-ostrava.cz\/index.php?rest_route=%2Fwp%2Fv2%2Fmedia&parent=735"}],"curies":[{"name":"wp","href":"https:\/\/api.w.org\/{rel}","templated":true}]}}