{"id":2,"date":"2014-02-21T06:44:39","date_gmt":"2014-02-21T06:44:39","guid":{"rendered":"http:\/\/eduko-ostrava.jupiter.savvy.cz\/?page_id=2"},"modified":"2026-02-16T08:07:46","modified_gmt":"2026-02-16T07:07:46","slug":"zkusebni-stranka","status":"publish","type":"page","link":"https:\/\/www.eduko-ostrava.cz\/","title":{"rendered":"EDUKO Ostrava s.r.o."},"content":{"rendered":"<p>V\u00edt\u00e1me V\u00e1s na na\u0161ich internetov\u00fdch str\u00e1nk\u00e1ch. <a href=\"https:\/\/www.facebook.com\/edukojidelna\"><img loading=\"lazy\" decoding=\"async\" class=\"wp-image-897 alignleft\" src=\"https:\/\/www.eduko-ostrava.cz\/wp-content\/uploads\/2019\/05\/Facebook_logo_square-300x300.png\" alt=\"\" width=\"31\" height=\"31\" srcset=\"https:\/\/www.eduko-ostrava.cz\/wp-content\/uploads\/2019\/05\/Facebook_logo_square-300x300.png 300w, https:\/\/www.eduko-ostrava.cz\/wp-content\/uploads\/2019\/05\/Facebook_logo_square-150x150.png 150w, https:\/\/www.eduko-ostrava.cz\/wp-content\/uploads\/2019\/05\/Facebook_logo_square-768x768.png 768w, https:\/\/www.eduko-ostrava.cz\/wp-content\/uploads\/2019\/05\/Facebook_logo_square.png 960w\" sizes=\"auto, (max-width: 31px) 100vw, 31px\" \/><\/a><\/p>\n<p>Firma EDUKO Ostrava s.r.o. byla zalo\u017eena v roce 1999 a od sv\u00e9ho po\u010d\u00e1tku nav\u00e1zala na dlouholetou tradici v poskytov\u00e1n\u00ed z\u00e1vodn\u00edho a ve\u0159ejn\u00e9ho stravov\u00e1n\u00ed. Krom\u011b provozu j\u00eddelny na Skautsk\u00e9 ulici&nbsp; zabezpe\u010dujeme pravideln\u00fd rozvoz stravy.<\/p>\n<p><span style=\"color: #ff0000;\">V\u00ddDEJ J\u00cdDEL V J\u00cdDELN\u011a OD 10:00 DO 11:30. OB\u011aD DOPORU\u010cUJEME OBJEDNAT DEN P\u0158EDEM, TELEFONICKY NEBO OSOBN\u011a V J\u00cdDELN\u011a.&nbsp;<\/span><\/p>\n<p>V\u00fddej stravy pro ve\u0159ejnost &#8211; j\u00eddelna:<br>pond\u011bl\u00ed &#8211; p\u00e1tek (pracovn\u00ed dny)<br>10:00 &#8211; 11:30<\/p>\n<p>Rozvoz stravy:<br>pond\u011bl\u00ed &#8211; p\u00e1tek od 7:30 &#8211; do 12:30<br>sobota, ned\u011ble a sv\u00e1tky od 7:00 &#8211; 12:00<\/p>\n<p>Ob\u011bdy rozv\u00e1\u017e\u00edme v t\u011bchto m\u00edstech:<\/p>\n<p>Ostrava Poruba a okol\u00ed (Pustkovec, Svinov, T\u0159ebovice)<br>Ostrava Hrab\u016fvka<br>Ostrava V\u00fd\u0161kovice<br>Ostrava Z\u00e1b\u0159eh<\/p>\n<p>Pro bli\u017e\u0161\u00ed informaci pi\u0161te nebo volejte na uveden\u00e9 <a title=\"Kontakty\" href=\"http:\/\/www.eduko-ostrava.cz\/?page_id=16\">kontakty<\/a>!<\/p>\n\n\n<p><\/p>\n","protected":false},"excerpt":{"rendered":"<p>V\u00edt\u00e1me V\u00e1s na na\u0161ich internetov\u00fdch str\u00e1nk\u00e1ch. Firma EDUKO Ostrava s.r.o. byla zalo\u017eena v roce 1999 a od sv\u00e9ho po\u010d\u00e1tku nav\u00e1zala na dlouholetou tradici v poskytov\u00e1n\u00ed z\u00e1vodn\u00edho a ve\u0159ejn\u00e9ho stravov\u00e1n\u00ed. Krom\u011b provozu j\u00eddelny na Skautsk\u00e9 ulici&nbsp; zabezpe\u010dujeme pravideln\u00fd rozvoz stravy. V\u00ddDEJ &hellip; <a href=\"https:\/\/www.eduko-ostrava.cz\/\">Cel\u00fd p\u0159\u00edsp\u011bvek <span class=\"meta-nav\">&rarr;<\/span><\/a><\/p>\n","protected":false},"author":1,"featured_media":0,"parent":0,"menu_order":1,"comment_status":"closed","ping_status":"closed","template":"","meta":{"ngg_post_thumbnail":0,"footnotes":""},"class_list":["post-2","page","type-page","status-publish","hentry"],"_links":{"self":[{"href":"https:\/\/www.eduko-ostrava.cz\/index.php?rest_route=\/wp\/v2\/pages\/2","targetHints":{"allow":["GET"]}}],"collection":[{"href":"https:\/\/www.eduko-ostrava.cz\/index.php?rest_route=\/wp\/v2\/pages"}],"about":[{"href":"https:\/\/www.eduko-ostrava.cz\/index.php?rest_route=\/wp\/v2\/types\/page"}],"author":[{"embeddable":true,"href":"https:\/\/www.eduko-ostrava.cz\/index.php?rest_route=\/wp\/v2\/users\/1"}],"replies":[{"embeddable":true,"href":"https:\/\/www.eduko-ostrava.cz\/index.php?rest_route=%2Fwp%2Fv2%2Fcomments&post=2"}],"version-history":[{"count":114,"href":"https:\/\/www.eduko-ostrava.cz\/index.php?rest_route=\/wp\/v2\/pages\/2\/revisions"}],"predecessor-version":[{"id":2044,"href":"https:\/\/www.eduko-ostrava.cz\/index.php?rest_route=\/wp\/v2\/pages\/2\/revisions\/2044"}],"wp:attachment":[{"href":"https:\/\/www.eduko-ostrava.cz\/index.php?rest_route=%2Fwp%2Fv2%2Fmedia&parent=2"}],"curies":[{"name":"wp","href":"https:\/\/api.w.org\/{rel}","templated":true}]}}