{"id":16,"date":"2014-02-21T11:11:15","date_gmt":"2014-02-21T10:11:15","guid":{"rendered":"http:\/\/eduko-ostrava.jupiter.savvy.cz\/?page_id=16"},"modified":"2024-05-13T06:50:50","modified_gmt":"2024-05-13T05:50:50","slug":"kontakty","status":"publish","type":"page","link":"https:\/\/www.eduko-ostrava.cz\/?page_id=16","title":{"rendered":"Kontakty"},"content":{"rendered":"<dl>\n<dt>Adresa firmy<\/dt>\n<dd>EDUKO Ostrava s.r.o.<\/dd>\n<dd>Skautsk\u00e1 416\/34<\/dd>\n<dd>708 00 Ostrava &#8211; Poruba<\/dd>\n<dd>\u010cesk\u00e1 republika<\/dd>\n<dt>Telefonn\u00ed \u010d\u00edsla<\/dt>\n<dd>+420 596 915 501, platby, objedn\u00e1vky, pravideln\u00fd rozvoz ob\u011bd\u016f &#8211; pracovn\u00ed dny od 8:00 do 11:30 hodin, <span style=\"color: #ff0000;\">odhl\u00e1\u0161ky ob\u011bd\u016f 6:45 &#8211; 7:00<\/span><\/dd>\n<dd>+420 596 914 334, z\u00e1vodn\u00ed stravov\u00e1n\u00ed, j\u00eddelna &#8211; pracovn\u00ed dny od 8:00 do 11:30 hodin<\/dd>\n<dd>+420 737 249 480, ostatn\u00ed slu\u017eby a produkty<\/dd>\n<dt>E-mail<\/dt>\n<dd>info@eduko-ostrava.cz<\/dd>\n<\/dl>\n","protected":false},"excerpt":{"rendered":"<p>Adresa firmy EDUKO Ostrava s.r.o. Skautsk\u00e1 416\/34 708 00 Ostrava &#8211; Poruba \u010cesk\u00e1 republika Telefonn\u00ed \u010d\u00edsla +420 596 915 501, platby, objedn\u00e1vky, pravideln\u00fd rozvoz ob\u011bd\u016f &#8211; pracovn\u00ed dny od 8:00 do 11:30 hodin, odhl\u00e1\u0161ky ob\u011bd\u016f 6:45 &#8211; 7:00 +420 596 &hellip; <a href=\"https:\/\/www.eduko-ostrava.cz\/?page_id=16\">Cel\u00fd p\u0159\u00edsp\u011bvek <span class=\"meta-nav\">&rarr;<\/span><\/a><\/p>\n","protected":false},"author":1,"featured_media":0,"parent":0,"menu_order":5,"comment_status":"closed","ping_status":"open","template":"","meta":{"ngg_post_thumbnail":0,"footnotes":""},"class_list":["post-16","page","type-page","status-publish","hentry"],"_links":{"self":[{"href":"https:\/\/www.eduko-ostrava.cz\/index.php?rest_route=\/wp\/v2\/pages\/16","targetHints":{"allow":["GET"]}}],"collection":[{"href":"https:\/\/www.eduko-ostrava.cz\/index.php?rest_route=\/wp\/v2\/pages"}],"about":[{"href":"https:\/\/www.eduko-ostrava.cz\/index.php?rest_route=\/wp\/v2\/types\/page"}],"author":[{"embeddable":true,"href":"https:\/\/www.eduko-ostrava.cz\/index.php?rest_route=\/wp\/v2\/users\/1"}],"replies":[{"embeddable":true,"href":"https:\/\/www.eduko-ostrava.cz\/index.php?rest_route=%2Fwp%2Fv2%2Fcomments&post=16"}],"version-history":[{"count":12,"href":"https:\/\/www.eduko-ostrava.cz\/index.php?rest_route=\/wp\/v2\/pages\/16\/revisions"}],"predecessor-version":[{"id":1762,"href":"https:\/\/www.eduko-ostrava.cz\/index.php?rest_route=\/wp\/v2\/pages\/16\/revisions\/1762"}],"wp:attachment":[{"href":"https:\/\/www.eduko-ostrava.cz\/index.php?rest_route=%2Fwp%2Fv2%2Fmedia&parent=16"}],"curies":[{"name":"wp","href":"https:\/\/api.w.org\/{rel}","templated":true}]}}