{"id":12,"date":"2014-02-21T08:01:21","date_gmt":"2014-02-21T07:01:21","guid":{"rendered":"http:\/\/eduko-ostrava.jupiter.savvy.cz\/?page_id=12"},"modified":"2026-04-21T09:27:56","modified_gmt":"2026-04-21T08:27:56","slug":"jidelni-listek","status":"publish","type":"page","link":"https:\/\/www.eduko-ostrava.cz\/?page_id=12","title":{"rendered":"J\u00eddeln\u00ed l\u00edstek"},"content":{"rendered":"<p>Pond\u011bl\u00ed&nbsp;&nbsp;&nbsp;&nbsp;&nbsp;&nbsp;&nbsp;&nbsp;&nbsp;&nbsp;&nbsp; 20. 04. 2026&nbsp;&nbsp;&nbsp;&nbsp; pol\u00e9vka: hrstkov\u00e1 (1,9)<\/p>\n<ol>\n<li>Ku\u0159ec\u00ed maso, \u010dern\u00e1 \u010do\u010dka beluga se zeleninou (1,9)<\/li>\n<li>Ryb\u00ed fil\u00e9 na km\u00edn\u011b, bramborov\u00e1 ka\u0161e, sal\u00e1t (1,4,7)<\/li>\n<li>Vep\u0159ov\u00e1 pe\u010den\u011b na bylink\u00e1ch, ope\u010den\u00e9 brambory (1,3,9)<\/li>\n<li>Mil\u00e1nsk\u00e9 \u0161pagety s&nbsp;mlet\u00fdm ku\u0159ec\u00edm masem (1,3,7)<\/li>\n<\/ol>\n<p>\u00dater\u00fd&nbsp;&nbsp;&nbsp;&nbsp;&nbsp;&nbsp;&nbsp;&nbsp;&nbsp;&nbsp;&nbsp;&nbsp;&nbsp;&nbsp; 21. 04 2026&nbsp;&nbsp;&nbsp;&nbsp; pol\u00e9vka: slepi\u010d\u00ed s nudlemi (1,3,7,9)<\/p>\n<ol>\n<li>Ku\u0159ec\u00ed kung-pao, du\u0161en\u00e1 r\u00fd\u017ee (1,9)<\/li>\n<li>Vep\u0159ov\u00e1 kotleta, s\u00e1zen\u00e9 vejce, brambory (1,3)<\/li>\n<li>Vep\u0159ov\u00e9 na paprice, t\u011bstoviny (1,3,7)<\/li>\n<li>Ku\u0159e ala ba\u017eant, du\u0161en\u00e9 \u010derven\u00e9 zel\u00ed, bramborov\u00fd knedl\u00edk (1,3,7)<\/li>\n<\/ol>\n<p>St\u0159eda&nbsp;&nbsp;&nbsp;&nbsp;&nbsp;&nbsp;&nbsp;&nbsp;&nbsp;&nbsp;&nbsp;&nbsp;&nbsp; 22. 04. 2026&nbsp;&nbsp;&nbsp;&nbsp; pol\u00e9vka: frankfurtsk\u00e1 (1,3,7,9)<\/p>\n<ol>\n<li>Pe\u010den\u00e1 sekan\u00e1, bramborov\u00e1 ka\u0161e, sal\u00e1t (1,3,7)<\/li>\n<li>Mysliveck\u00fd gul\u00e1\u0161, kynut\u00fd knedl\u00edk (1,3,7,9)<\/li>\n<li>Ku\u0159ec\u00ed maso se zeleninou, tarho\u0148a (1,3,7,9)<\/li>\n<li>\u017demlovka s&nbsp;jablky a tvarohem, d\u017eus\u00edk (1,3,7)<\/li>\n<\/ol>\n<p>\u010ctvrtek&nbsp;&nbsp;&nbsp;&nbsp;&nbsp;&nbsp;&nbsp;&nbsp;&nbsp;&nbsp;&nbsp; 23. 04. 2026&nbsp;&nbsp;&nbsp;&nbsp; pol\u00e9vka: minestrone \/italsk\u00e1 zeleninov\u00e1\/ (1,9)<\/p>\n<ol>\n<li>Srbsk\u00e9 rizoto, obloha (1,3,7)<\/li>\n<li>Ku\u0159ec\u00ed \u0159\u00edzek v&nbsp;pikantn\u00edm t\u011bst\u00ed\u010dku, bramborov\u00e1 ka\u0161e, okurek (1,3,7,10)<\/li>\n<li>Vep\u0159ov\u00fd perkelt, du\u0161en\u00e1 r\u00fd\u017ee\/(1,9)<\/li>\n<li>Kovbojsk\u00e1 p\u00e1nev, bramborov\u00fd knedl\u00edk (1,3,7)<\/li>\n<\/ol>\n<p><strong>&nbsp;<\/strong>P\u00e1tek&nbsp;&nbsp;&nbsp;&nbsp;&nbsp;&nbsp;&nbsp;&nbsp;&nbsp;&nbsp;&nbsp;&nbsp;&nbsp;&nbsp; 24. 04. 2026&nbsp;&nbsp;&nbsp;&nbsp; pol\u00e9vka: fazolov\u00e1 (1,9)<\/p>\n<ol>\n<li>Vep\u0159ov\u00e1 znojemsk\u00e1 pe\u010den\u011b, du\u0161en\u00e1 r\u00fd\u017ee (1,9,10)<\/li>\n<li>Zape\u010den\u00e9 brambory s&nbsp;brokolic\u00ed, sal\u00e1t \/bezmas\u00e9\/ (1,3,7)<\/li>\n<li>Hambursk\u00e1 vep\u0159ov\u00e1 k\u00fdta, kynut\u00fd knedl\u00edk (1,3,7,9)<\/li>\n<li>Masov\u00e9 kuli\u010dky, rajsk\u00e1 om\u00e1\u010dka, \u0161pecle (1,3,7,9)<\/li>\n<\/ol>\n<p>Sobota&nbsp;&nbsp;&nbsp;&nbsp;&nbsp;&nbsp;&nbsp;&nbsp;&nbsp;&nbsp;&nbsp;&nbsp; 25. 04. 2026&nbsp;&nbsp;&nbsp;&nbsp; pol\u00e9vka: zeleninov\u00e1 (1,9)<\/p>\n<ol>\n<li>Va\u0159en\u00e9 vejce, fazolky na smetan\u011b, brambory (1,3,7)<\/li>\n<\/ol>\n<p>Ned\u011ble&nbsp;&nbsp;&nbsp;&nbsp;&nbsp;&nbsp;&nbsp;&nbsp;&nbsp;&nbsp;&nbsp;&nbsp; 26. 04. 2026&nbsp;&nbsp;&nbsp;&nbsp; pol\u00e9vka: brokolicov\u00e1 (1,3,7,9)<\/p>\n<ol>\n<li>Pe\u010den\u00e1 krkovice, \u0161\u0165ouchan\u00e9 brambory, sal\u00e1t (1,7)<\/li>\n<\/ol>\n<hr>\n<p>Pond\u011bl\u00ed&nbsp;&nbsp;&nbsp;&nbsp;&nbsp;&nbsp;&nbsp;&nbsp;&nbsp;&nbsp;&nbsp; 27. 04. 2026&nbsp;&nbsp;&nbsp;&nbsp; pol\u00e9vka: rajsk\u00e1 s nudlemi (1,3,7,9)<\/p>\n<ol>\n<li>Ku\u0159ec\u00ed maso po \u010d\u00ednsku, jasm\u00ednov\u00e1 r\u00fd\u017ee (1,9)<\/li>\n<li>Ope\u010den\u00e1 klob\u00e1sa, zeleninov\u00e9 le\u010do s&nbsp;vejci, chl\u00e9b (1,3,7)<\/li>\n<li>Vep\u0159ov\u00e9 nudli\u010dky na raj\u010datech a paprice, t\u011bstoviny (1,3,7)<\/li>\n<li>Ryb\u00ed fil\u00e9, brambory po orient\u00e1lsku (1,4)<\/li>\n<\/ol>\n<p>\u00dater\u00fd&nbsp;&nbsp;&nbsp;&nbsp;&nbsp;&nbsp;&nbsp;&nbsp;&nbsp;&nbsp;&nbsp;&nbsp;&nbsp;&nbsp; 28. 04. 2026&nbsp;&nbsp;&nbsp;&nbsp; pol\u00e9vka: francouzsk\u00e1 (1,3,7,9)<\/p>\n<ol>\n<li>Va\u0159en\u00e9 vejce, koprov\u00e1 om\u00e1\u010dka, brambory (1,3)<\/li>\n<li>Ku\u0159ec\u00ed maso, restovan\u00e1 zelenina, brambory (1,9)<\/li>\n<li>Gul\u00e1\u0161 Petra Voka, kynut\u00fd knedl\u00edk (1,3,7)<\/li>\n<li>Vep\u0159ov\u00e1 pe\u010den\u011b, du\u0161en\u00e1 r\u00fd\u017ee, pep\u0159ov\u00e1 om\u00e1\u010dka &nbsp;(1,9)<\/li>\n<\/ol>\n<p>St\u0159eda&nbsp;&nbsp;&nbsp;&nbsp;&nbsp;&nbsp;&nbsp;&nbsp;&nbsp;&nbsp;&nbsp;&nbsp;&nbsp; 29. 04. 2026&nbsp;&nbsp;&nbsp;&nbsp; pol\u00e9vka: \u0161pen\u00e1tov\u00e1 (1,3,7,9)<\/p>\n<ol>\n<li>Francouzsk\u00e9 brambory, sal\u00e1t (1,3,7)<\/li>\n<li>Ku\u0159e na zelenin\u011b, tarho\u0148a (1,3,7,9)<\/li>\n<li>Ostravsk\u00fd kotou\u010d, bramborov\u00e1 ka\u0161e, kompot (1,3)<\/li>\n<li>Jogurtov\u00e9 knedl\u00ed\u010dky s&nbsp;ovocn\u00fdm p\u0159elivem, d\u017eus\u00edk (1,3,7)<\/li>\n<\/ol>\n<p>\u010ctvrtek&nbsp;&nbsp;&nbsp;&nbsp;&nbsp;&nbsp;&nbsp;&nbsp;&nbsp;&nbsp;&nbsp; 30. 04. 2026&nbsp;&nbsp;&nbsp;&nbsp; pol\u00e9vka: zeln\u00e1 (1,9)<\/p>\n<ol>\n<li>Vep\u0159ov\u00e9 maso, \u017eampionov\u00e1 om\u00e1\u010dka, kynut\u00fd knedl\u00edk (1,3,7)<\/li>\n<li>Ku\u0159ec\u00ed kapsa pln\u011bn\u00e1 vaje\u010dinou a zeleninou, brambory (1,3)<\/li>\n<li>Vep\u0159ov\u00e9 po ma\u010farsku, du\u0161en\u00e1 r\u00fd\u017ee (1,9)<\/li>\n<li>Sma\u017een\u00fd celer, brambory, kompot (1,3,7)<\/li>\n<\/ol>\n<p><strong>&nbsp;<\/strong>P\u00e1tek&nbsp;&nbsp;&nbsp;&nbsp;&nbsp;&nbsp;&nbsp;&nbsp;&nbsp;&nbsp;&nbsp;&nbsp;&nbsp;&nbsp; 01. 05. 2026&nbsp;&nbsp;&nbsp;&nbsp; pol\u00e9vka: kulajda (1,3,7,9)<\/p>\n<ol>\n<li>Pe\u010den\u00e1 ku\u0159ec\u00ed k\u0159\u00eddla, brambory, tatarka (1,3)<strong>&nbsp; &nbsp; &nbsp; &nbsp; &nbsp; St\u00e1tn\u00ed sv\u00e1tek<\/strong><\/li>\n<\/ol>\n<p>Sobota&nbsp;&nbsp;&nbsp;&nbsp;&nbsp;&nbsp;&nbsp;&nbsp;&nbsp;&nbsp;&nbsp;&nbsp; 02. 05. 2026&nbsp;&nbsp;&nbsp;&nbsp; pol\u00e9vka: hrachov\u00e1 s uzeninou (1,9)<\/p>\n<ol>\n<li>Vep\u0159ov\u00e9 na smetan\u011b, kynut\u00fd knedl\u00edk (1,3,7,9)<\/li>\n<\/ol>\n<p>Ned\u011ble&nbsp;&nbsp;&nbsp;&nbsp;&nbsp;&nbsp;&nbsp;&nbsp;&nbsp;&nbsp;&nbsp;&nbsp; 03. 05. 2026&nbsp;&nbsp;&nbsp;&nbsp; pol\u00e9vka: slepi\u010d\u00ed s nudlemi (1,3,7,9)<\/p>\n<ol>\n<li>Uzen\u00e9 maso, bramborov\u00e9 noky s&nbsp;kysel\u00fdm zel\u00edm (1,3,7)<\/li>\n<\/ol>\n<hr>\n<p>Pond\u011bl\u00ed&nbsp;&nbsp;&nbsp;&nbsp;&nbsp;&nbsp;&nbsp;&nbsp;&nbsp;&nbsp;&nbsp; 04. 05. 2026&nbsp;&nbsp;&nbsp;&nbsp; pol\u00e9vka: kv\u011bt\u00e1kov\u00e1 (1,3,7,9)<\/p>\n<ol>\n<li>S\u00e1zen\u00e9 vejce, du\u0161en\u00fd \u0161pen\u00e1t, brambory (1,3,7)<\/li>\n<li>Ryb\u00ed fil\u00e9 na zelenin\u011b, brambory (1,4,9)<\/li>\n<li>Vep\u0159ov\u00e1 pe\u010den\u011b, \u0161\u00edpkov\u00e1 om\u00e1\u010dka, bramborov\u00fd knedl\u00edk (1,9)<\/li>\n<li>Bolo\u0148sk\u00e9 t\u011bstoviny s&nbsp;ku\u0159ec\u00edm masem (1,3,7,9)<\/li>\n<\/ol>\n<p>\u00dater\u00fd&nbsp;&nbsp;&nbsp;&nbsp;&nbsp;&nbsp;&nbsp;&nbsp;&nbsp;&nbsp;&nbsp;&nbsp;&nbsp;&nbsp; 05. 05. 2026&nbsp;&nbsp;&nbsp;&nbsp; pol\u00e9vka: \u010do\u010dkov\u00e1 (1,9)<\/p>\n<ol>\n<li>Vep\u0159ov\u00fd gul\u00e1\u0161, kynut\u00fd knedl\u00edk (1,3,7)<\/li>\n<li>Sma\u017een\u00fd s\u00fdr, brambory, tatarka (1,3,7)<\/li>\n<li>Maso dvou druh\u016f, du\u0161en\u00e1 r\u00fd\u017ee \/vep\u0159ov\u00e9, ku\u0159ec\u00ed\/ (1)<\/li>\n<li>Chilli con carne, chl\u00e9b (1,9)<\/li>\n<\/ol>\n<p>St\u0159eda&nbsp;&nbsp;&nbsp;&nbsp;&nbsp;&nbsp;&nbsp;&nbsp;&nbsp;&nbsp;&nbsp;&nbsp;&nbsp; 06. 05. 2026&nbsp;&nbsp;&nbsp;&nbsp; pol\u00e9vka: gul\u00e1\u0161ov\u00e1 (1,9)<\/p>\n<ol>\n<li>Vep\u0159ov\u00fd vrabec, du\u0161en\u00e1 kapusta, brambory (1,9)<\/li>\n<li>Ku\u0159ec\u00ed maso se \u0161unkou, s\u00fdrem a broskv\u00ed, brambory (1,7)<\/li>\n<li>Nudle s&nbsp;m\u00e1kem, d\u017eus\u00edk (1)<\/li>\n<li>Pe\u010den\u00e9 ku\u0159e, r\u00fd\u017ee s&nbsp;hr\u00e1\u0161kem a mrkv\u00ed (1)<\/li>\n<\/ol>\n<p>\u010ctvrtek&nbsp;&nbsp;&nbsp;&nbsp;&nbsp;&nbsp;&nbsp;&nbsp;&nbsp;&nbsp;&nbsp; 07. 05. 2026&nbsp;&nbsp;&nbsp;&nbsp; pol\u00e9vka: jarn\u00ed (1,9)<\/p>\n<ol>\n<li>Kv\u011bt\u00e1kov\u00fd moze\u010dek, brambory (1,3,7)<\/li>\n<li>Vala\u0161sk\u00fd ost\u0159\u00e1k, bramborov\u00fd knedl\u00edk (1,3,7)<\/li>\n<li>Vep\u0159ov\u00e9 maso, pep\u0159ov\u00e1 om\u00e1\u010dka, du\u0161en\u00e1 r\u00fd\u017ee (1)<\/li>\n<li>Ku\u0159ec\u00ed maso, brambory po indicku, sal\u00e1t (1)<\/li>\n<\/ol>\n<p><strong>&nbsp;<\/strong>P\u00e1tek&nbsp;&nbsp;&nbsp;&nbsp;&nbsp;&nbsp;&nbsp;&nbsp;&nbsp;&nbsp;&nbsp;&nbsp;&nbsp;&nbsp; 08. 05. 2026&nbsp;&nbsp;&nbsp;&nbsp; pol\u00e9vka: hov\u011bz\u00ed s&nbsp;nudlemi (1,3,7,9)<\/p>\n<ol>\n<li>Pe\u010den\u00e1 sekan\u00e1, bramborov\u00e1 ka\u0161e, sal\u00e1t (1,3,7)<strong>&nbsp; &nbsp; &nbsp; &nbsp; &nbsp; St\u00e1tn\u00ed sv\u00e1tek<\/strong><\/li>\n<\/ol>\n<p>Sobota&nbsp;&nbsp;&nbsp;&nbsp;&nbsp;&nbsp;&nbsp;&nbsp;&nbsp;&nbsp;&nbsp;&nbsp; 09. 05. 2026&nbsp;&nbsp;&nbsp;&nbsp; pol\u00e9vka: vlo\u010dkov\u00e1 (1,7,9)<\/p>\n<ol>\n<li>Uzen\u00e9 maso, kysel\u00e9 zel\u00ed, brambory (1,9,10)<\/li>\n<\/ol>\n<p>Ned\u011ble&nbsp;&nbsp;&nbsp;&nbsp;&nbsp;&nbsp;&nbsp;&nbsp;&nbsp;&nbsp;&nbsp;&nbsp; 10. 05. 2026&nbsp;&nbsp;&nbsp;&nbsp; pol\u00e9vka: lu\u0161t\u011bninov\u00e1 (1,9)<\/p>\n<ol>\n<li>Ku\u0159ec\u00ed nudli\u010dky na zelenin\u011b, tarho\u0148a (1,9)<\/li>\n<\/ol>\n<hr>\n<h3><strong>&nbsp;\u010c\u00edsla uvedena za j\u00eddlem jsou ozna\u010den\u00ed <a href=\"https:\/\/www.eduko-ostrava.cz\/?page_id=182\">alergen\u016f dle EU<\/a><\/strong><\/h3>\n<p><strong>UPOZORN\u011aN\u00cd: VE\u0160KER\u00c9 ROLKY A Z\u00c1VITKY OBSAHUJ\u00cd D\u0158EV\u011aN\u00c1 P\u00c1R\u00c1TKA!<\/strong><\/p>\n\n\n<p><\/p>\n","protected":false},"excerpt":{"rendered":"<p>Pond\u011bl\u00ed&nbsp;&nbsp;&nbsp;&nbsp;&nbsp;&nbsp;&nbsp;&nbsp;&nbsp;&nbsp;&nbsp; 20. 04. 2026&nbsp;&nbsp;&nbsp;&nbsp; pol\u00e9vka: hrstkov\u00e1 (1,9) Ku\u0159ec\u00ed maso, \u010dern\u00e1 \u010do\u010dka beluga se zeleninou (1,9) Ryb\u00ed fil\u00e9 na km\u00edn\u011b, bramborov\u00e1 ka\u0161e, sal\u00e1t (1,4,7) Vep\u0159ov\u00e1 pe\u010den\u011b na bylink\u00e1ch, ope\u010den\u00e9 brambory (1,3,9) Mil\u00e1nsk\u00e9 \u0161pagety s&nbsp;mlet\u00fdm ku\u0159ec\u00edm masem (1,3,7) \u00dater\u00fd&nbsp;&nbsp;&nbsp;&nbsp;&nbsp;&nbsp;&nbsp;&nbsp;&nbsp;&nbsp;&nbsp;&nbsp;&nbsp;&nbsp; 21. 04 2026&nbsp;&nbsp;&nbsp;&nbsp; &hellip; <a href=\"https:\/\/www.eduko-ostrava.cz\/?page_id=12\">Cel\u00fd p\u0159\u00edsp\u011bvek <span class=\"meta-nav\">&rarr;<\/span><\/a><\/p>\n","protected":false},"author":1,"featured_media":0,"parent":0,"menu_order":2,"comment_status":"closed","ping_status":"closed","template":"","meta":{"ngg_post_thumbnail":0,"footnotes":""},"class_list":["post-12","page","type-page","status-publish","hentry"],"_links":{"self":[{"href":"https:\/\/www.eduko-ostrava.cz\/index.php?rest_route=\/wp\/v2\/pages\/12","targetHints":{"allow":["GET"]}}],"collection":[{"href":"https:\/\/www.eduko-ostrava.cz\/index.php?rest_route=\/wp\/v2\/pages"}],"about":[{"href":"https:\/\/www.eduko-ostrava.cz\/index.php?rest_route=\/wp\/v2\/types\/page"}],"author":[{"embeddable":true,"href":"https:\/\/www.eduko-ostrava.cz\/index.php?rest_route=\/wp\/v2\/users\/1"}],"replies":[{"embeddable":true,"href":"https:\/\/www.eduko-ostrava.cz\/index.php?rest_route=%2Fwp%2Fv2%2Fcomments&post=12"}],"version-history":[{"count":1058,"href":"https:\/\/www.eduko-ostrava.cz\/index.php?rest_route=\/wp\/v2\/pages\/12\/revisions"}],"predecessor-version":[{"id":2082,"href":"https:\/\/www.eduko-ostrava.cz\/index.php?rest_route=\/wp\/v2\/pages\/12\/revisions\/2082"}],"wp:attachment":[{"href":"https:\/\/www.eduko-ostrava.cz\/index.php?rest_route=%2Fwp%2Fv2%2Fmedia&parent=12"}],"curies":[{"name":"wp","href":"https:\/\/api.w.org\/{rel}","templated":true}]}}